{"id":23,"date":"2012-01-09T00:11:53","date_gmt":"2012-01-08T23:11:53","guid":{"rendered":"http:\/\/www.h-it.si\/ekohabjan\/?page_id=23"},"modified":"2023-07-30T10:28:08","modified_gmt":"2023-07-30T08:28:08","slug":"predstavitev","status":"publish","type":"page","link":"https:\/\/www.ekokmetija.eu\/?page_id=23","title":{"rendered":"Predstavitev"},"content":{"rendered":"<div class=\"o9v6fnle cxmmr5t8 oygrvhab hcukyx3x c1et5uql ii04i59q\">\n<p dir=\"auto\"><span style=\"color: #99cc00;\">Kjer se kon\u010da mestni vrve\u017e se za\u010dne gri\u010devnato zeleno obmo\u010dje. Pod kuliso Starega gradu v Celju le\u017ei vas Zagrad in tam se nahaja Ekokmetija Habjan.<\/span><\/p>\n<p><span style=\"color: #99cc00;\">Objekti so na lokaciji trenutne kmetije vidni \u017ee na zemljevidu iz leta 1750. Kar pomeni, da se na lokaciji kmetije obdeluje zemljo \u017ee stoletja. V zadnjem obdobju se gospodar ukvarja z rejo ovac in pridelavo zelenjave, obdelujejo pa se tudi stari nasadi jablan in sliv, ki so se jim pridru\u017eile \u0161e breskve in hru\u0161ke.<\/span><\/p>\n<\/div>\n<p><span style=\"color: #99cc00;\">Vrste zelenjave so pestre in se vsako leto malo spreminjajo, prevladuje pa solata, motovilec, paradi\u017enik, paprika, bu\u010dke, kumare, zelje, \u010desen in \u0161alotka.<\/span><\/p>\n<p><span style=\"color: #99cc00;\">Izdelke prodajamo na domu, oskrbujemo pa tudi vrtce, \u0161ole in trgovine.<\/span><\/p>\n<h3>&nbsp;<\/h3>\n<h3><span style=\"color: #99cc00;\">Vizija<\/span><\/h3>\n<p><span style=\"color: #99cc00;\">Postati vodilni pridelovalec ekolo\u0161ke hrane v lokalnem okolju.<\/span><\/p>\n<h3><span style=\"color: #99cc00;\">Poslanstvo<\/span><\/h3>\n<p><span style=\"color: #99cc00;\">Pridelovati kvalitetno hrano, dostopno \u0161ir\u0161emu krogu uporabnikov hkrati pa skrbeti, da je zemlja rodovitna in obdelana za prihodnje rodove.<\/span><\/p>\n<p>&nbsp;<\/p>\n<p style=\"text-align: left;\"><span style=\"color: #99cc00;\">&nbsp;<strong>Dejavnosti:<\/strong><\/span><\/p>\n<p style=\"text-align: left;\"><span style=\"color: #99cc00;\">-Reja drobnice<\/span><\/p>\n<p style=\"text-align: left;\"><span style=\"color: #99cc00;\">-Pridelava zelenjave in sadja<\/span><\/p>\n<p style=\"text-align: left;\"><span style=\"color: #99cc00;\">-Kompostiranje s kalifornijskimi de\u017eevniki<\/span><\/p>\n<p style=\"text-align: left;\"><span style=\"color: #99cc00;\">-Storitve s kmetijsko mehanizacijo<\/span><\/p>\n<p style=\"text-align: left;\"><span style=\"color: #99cc00;\">-Ogled kmetije in izobra\u017eevanje na kmetiji<\/span><\/p>\n<p>&nbsp;<\/p>\n<h3><span style=\"color: #99cc00;\"><strong> Osebna izkaznica:<\/strong><\/span><\/h3>\n<p><span style=\"color: #99cc00;\"><b>EKOKMETIJA HABJAN<\/b><\/span><\/p>\n<p><span style=\"color: #99cc00;\">Toma\u017e Habjan<\/span><\/p>\n<p><span style=\"color: #99cc00;\">Zagrad 104<\/span><\/p>\n<p><span style=\"color: #99cc00;\">3000 Celje<\/span><br \/>\n<span style=\"color: #99cc00;\">&nbsp;<\/span><\/p>\n<h3><span style=\"color: #99cc00;\">Kontakt:<\/span><\/h3>\n<p><span style=\"color: #99cc00;\">041 36 41 88 (Toma\u017e),<\/span><\/p>\n<p><span style=\"color: #99cc00;\"><b>email:<\/b>&nbsp;<a style=\"color: #99cc00;\" href=\"mailto:info@ekokmetija.eu\" target=\"_blank\" rel=\"noopener\">info@ekokmetija.eu<\/a><\/span><\/p>\n<p>&nbsp;<\/p>\n<p><iframe style=\"border: none; overflow: hidden; height: 35px;\" src=\"\/\/www.facebook.com\/plugins\/like.php?href=https%3A%2F%2Fwww.facebook.com%2FEkohabjan&amp;width&amp;layout=standard&amp;action=like&amp;show_faces=false&amp;share=true&amp;height=35\" frameborder=\"0\" scrolling=\"no\"><\/iframe><\/p>\n","protected":false},"excerpt":{"rendered":"<p>Kjer se kon\u010da mestni vrve\u017e se za\u010dne gri\u010devnato zeleno obmo\u010dje. Pod kuliso Starega gradu v Celju le\u017ei vas Zagrad in tam se nahaja Ekokmetija Habjan. Objekti so na lokaciji trenutne kmetije vidni \u017ee na zemljevidu iz leta 1750. Kar pomeni, da se na lokaciji kmetije obdeluje zemljo \u017ee stoletja. V zadnjem obdobju se gospodar ukvarja [&hellip;]<\/p>\n","protected":false},"author":1,"featured_media":0,"parent":0,"menu_order":2,"comment_status":"open","ping_status":"open","template":"","meta":{"ngg_post_thumbnail":0,"footnotes":""},"class_list":["post-23","page","type-page","status-publish","hentry"],"_links":{"self":[{"href":"https:\/\/www.ekokmetija.eu\/index.php?rest_route=\/wp\/v2\/pages\/23","targetHints":{"allow":["GET"]}}],"collection":[{"href":"https:\/\/www.ekokmetija.eu\/index.php?rest_route=\/wp\/v2\/pages"}],"about":[{"href":"https:\/\/www.ekokmetija.eu\/index.php?rest_route=\/wp\/v2\/types\/page"}],"author":[{"embeddable":true,"href":"https:\/\/www.ekokmetija.eu\/index.php?rest_route=\/wp\/v2\/users\/1"}],"replies":[{"embeddable":true,"href":"https:\/\/www.ekokmetija.eu\/index.php?rest_route=%2Fwp%2Fv2%2Fcomments&post=23"}],"version-history":[{"count":34,"href":"https:\/\/www.ekokmetija.eu\/index.php?rest_route=\/wp\/v2\/pages\/23\/revisions"}],"predecessor-version":[{"id":1330,"href":"https:\/\/www.ekokmetija.eu\/index.php?rest_route=\/wp\/v2\/pages\/23\/revisions\/1330"}],"wp:attachment":[{"href":"https:\/\/www.ekokmetija.eu\/index.php?rest_route=%2Fwp%2Fv2%2Fmedia&parent=23"}],"curies":[{"name":"wp","href":"https:\/\/api.w.org\/{rel}","templated":true}]}}