{"id":46,"date":"2012-08-09T18:31:12","date_gmt":"2012-08-09T16:31:12","guid":{"rendered":"http:\/\/www.h-it.si\/ekohabjan\/?page_id=46"},"modified":"2020-07-02T12:18:13","modified_gmt":"2020-07-02T10:18:13","slug":"reja-drobnice","status":"publish","type":"page","link":"https:\/\/www.ekokmetija.eu\/?page_id=46","title":{"rendered":"Reja drobnice"},"content":{"rendered":"<p>Na na\u0161i kmetiji \u017ee dolga leta redimo ovce pasme JSR, prodajamo jagnjeta za nadaljnjo rejo in zakol.<\/p>\n<p>\u017divali so v dobi vegetacije na pa\u0161i na neoknjenih ekolo\u0161kih travnikih pod celjskim Starim gradom. Pozimi pa jih krmimo s suho travnato krmo in sila\u017eo. Krmo, tako suho kot sila\u017eo, pridelujemo po najvi\u0161jih standardih, tako da ima zelo visoko kalori\u010dno vrednost. Kvalitetna krma, nam omogo\u010da velik prirast \u017eivali in okusno meso.<\/p>\n<p>&nbsp;<\/p>\nngg_shortcode_0_placeholder\n<p>&nbsp;<br \/>\nVe\u010d slik na na\u0161i <a title=\"EKOHABJAN\" href=\"http:\/\/www.facebook.com\/ekohabjan\" target=\"_blank\" rel=\"noopener\">facebook strani<\/a>!<\/p>\n","protected":false},"excerpt":{"rendered":"<p>Na na\u0161i kmetiji \u017ee dolga leta redimo ovce pasme JSR, prodajamo jagnjeta za nadaljnjo rejo in zakol. \u017divali so v dobi vegetacije na pa\u0161i na neoknjenih ekolo\u0161kih travnikih pod celjskim Starim gradom. Pozimi pa jih krmimo s suho travnato krmo in sila\u017eo. Krmo, tako suho kot sila\u017eo, pridelujemo po najvi\u0161jih standardih, tako da ima zelo [&hellip;]<\/p>\n","protected":false},"author":1,"featured_media":0,"parent":0,"menu_order":5,"comment_status":"closed","ping_status":"closed","template":"","meta":{"ngg_post_thumbnail":0,"footnotes":""},"class_list":["post-46","page","type-page","status-publish","hentry"],"_links":{"self":[{"href":"https:\/\/www.ekokmetija.eu\/index.php?rest_route=\/wp\/v2\/pages\/46","targetHints":{"allow":["GET"]}}],"collection":[{"href":"https:\/\/www.ekokmetija.eu\/index.php?rest_route=\/wp\/v2\/pages"}],"about":[{"href":"https:\/\/www.ekokmetija.eu\/index.php?rest_route=\/wp\/v2\/types\/page"}],"author":[{"embeddable":true,"href":"https:\/\/www.ekokmetija.eu\/index.php?rest_route=\/wp\/v2\/users\/1"}],"replies":[{"embeddable":true,"href":"https:\/\/www.ekokmetija.eu\/index.php?rest_route=%2Fwp%2Fv2%2Fcomments&post=46"}],"version-history":[{"count":7,"href":"https:\/\/www.ekokmetija.eu\/index.php?rest_route=\/wp\/v2\/pages\/46\/revisions"}],"predecessor-version":[{"id":1031,"href":"https:\/\/www.ekokmetija.eu\/index.php?rest_route=\/wp\/v2\/pages\/46\/revisions\/1031"}],"wp:attachment":[{"href":"https:\/\/www.ekokmetija.eu\/index.php?rest_route=%2Fwp%2Fv2%2Fmedia&parent=46"}],"curies":[{"name":"wp","href":"https:\/\/api.w.org\/{rel}","templated":true}]}}