{"id":50,"date":"2012-08-09T18:46:03","date_gmt":"2012-08-09T16:46:03","guid":{"rendered":"http:\/\/www.h-it.si\/ekohabjan\/?page_id=50"},"modified":"2020-07-02T12:19:54","modified_gmt":"2020-07-02T10:19:54","slug":"zelenjava-2","status":"publish","type":"page","link":"https:\/\/www.ekokmetija.eu\/?page_id=50","title":{"rendered":"Zelenjava"},"content":{"rendered":"<p>Kmalu po vstopu v ekolo\u0161ko kontrolo smo za\u010deli s pridelavo zelenjave. K temu nas je pripeljala majhna samooskrba Slovenije in pomankanje lokalne ekolo\u0161ke zelenjave. Borimo se za dvig samooskrbe in ponujamo sve\u017eo ekolo\u0161ko pridelano zelenjavo. Zelenjava je vzgojena iz ekolo\u0161kega semena in ni tretirana z nikakr\u0161nimi pripravki.<\/p>\n<p>Zelenjavo prodajamo na domu ali pa jo dostavimo strankam. Smo ponudnik \u0161olskega sadja in zelenjave, ter oskrbujemo \u0161ole in vrtce v \u0161ir\u0161i okolici.<\/p>\n<p>&nbsp;<\/p>\n<p>Ve\u010d slik na na\u0161i <a title=\"EKOHABJAN\" href=\"http:\/\/www.facebook.com\/ekohabjan\" target=\"_blank\" rel=\"noopener\">facebook strani<\/a>&nbsp;in v Galeriji!<\/p>\n","protected":false},"excerpt":{"rendered":"<p>Kmalu po vstopu v ekolo\u0161ko kontrolo smo za\u010deli s pridelavo zelenjave. K temu nas je pripeljala majhna samooskrba Slovenije in pomankanje lokalne ekolo\u0161ke zelenjave. Borimo se za dvig samooskrbe in ponujamo sve\u017eo ekolo\u0161ko pridelano zelenjavo. Zelenjava je vzgojena iz ekolo\u0161kega semena in ni tretirana z nikakr\u0161nimi pripravki. Zelenjavo prodajamo na domu ali pa jo dostavimo [&hellip;]<\/p>\n","protected":false},"author":1,"featured_media":0,"parent":0,"menu_order":4,"comment_status":"closed","ping_status":"closed","template":"","meta":{"ngg_post_thumbnail":0,"footnotes":""},"class_list":["post-50","page","type-page","status-publish","hentry"],"_links":{"self":[{"href":"https:\/\/www.ekokmetija.eu\/index.php?rest_route=\/wp\/v2\/pages\/50","targetHints":{"allow":["GET"]}}],"collection":[{"href":"https:\/\/www.ekokmetija.eu\/index.php?rest_route=\/wp\/v2\/pages"}],"about":[{"href":"https:\/\/www.ekokmetija.eu\/index.php?rest_route=\/wp\/v2\/types\/page"}],"author":[{"embeddable":true,"href":"https:\/\/www.ekokmetija.eu\/index.php?rest_route=\/wp\/v2\/users\/1"}],"replies":[{"embeddable":true,"href":"https:\/\/www.ekokmetija.eu\/index.php?rest_route=%2Fwp%2Fv2%2Fcomments&post=50"}],"version-history":[{"count":27,"href":"https:\/\/www.ekokmetija.eu\/index.php?rest_route=\/wp\/v2\/pages\/50\/revisions"}],"predecessor-version":[{"id":1033,"href":"https:\/\/www.ekokmetija.eu\/index.php?rest_route=\/wp\/v2\/pages\/50\/revisions\/1033"}],"wp:attachment":[{"href":"https:\/\/www.ekokmetija.eu\/index.php?rest_route=%2Fwp%2Fv2%2Fmedia&parent=50"}],"curies":[{"name":"wp","href":"https:\/\/api.w.org\/{rel}","templated":true}]}}