{"id":575,"date":"2015-07-20T11:19:51","date_gmt":"2015-07-20T09:19:51","guid":{"rendered":"http:\/\/www.ekokmetija.eu\/?page_id=575"},"modified":"2024-02-22T19:06:51","modified_gmt":"2024-02-22T18:06:51","slug":"575-2","status":"publish","type":"page","link":"https:\/\/www.ekokmetija.eu\/","title":{"rendered":"Aktualno"},"content":{"rendered":"\n<p><\/p>\n\n\n\n<p class=\"has-text-align-center has-vivid-green-cyan-color has-text-color has-medium-font-size\">Direkten nakup na kmetiji trenutno ni mogo\u010d<strong>.<\/strong> V kolikor pa pridelke naro\u010dite do 12h jih lahko \u017ee isti dan prevzamete od 14h do 18h.<\/p>\n\n\n\n<p class=\"has-text-align-center has-vivid-green-cyan-color has-text-color has-medium-font-size\"><strong> Pridelke lahko prevzamete po predhodnem naro\u010dilu na telefon 041 364 188, email ali FB.<\/strong><\/p>\n","protected":false},"excerpt":{"rendered":"<p>Direkten nakup na kmetiji trenutno ni mogo\u010d. V kolikor pa pridelke naro\u010dite do 12h jih lahko \u017ee isti dan prevzamete od 14h do 18h. Pridelke lahko prevzamete po predhodnem naro\u010dilu na telefon 041 364 188, email ali FB.<\/p>\n","protected":false},"author":1,"featured_media":0,"parent":0,"menu_order":0,"comment_status":"closed","ping_status":"closed","template":"","meta":{"ngg_post_thumbnail":0,"footnotes":""},"class_list":["post-575","page","type-page","status-publish","hentry"],"_links":{"self":[{"href":"https:\/\/www.ekokmetija.eu\/index.php?rest_route=\/wp\/v2\/pages\/575","targetHints":{"allow":["GET"]}}],"collection":[{"href":"https:\/\/www.ekokmetija.eu\/index.php?rest_route=\/wp\/v2\/pages"}],"about":[{"href":"https:\/\/www.ekokmetija.eu\/index.php?rest_route=\/wp\/v2\/types\/page"}],"author":[{"embeddable":true,"href":"https:\/\/www.ekokmetija.eu\/index.php?rest_route=\/wp\/v2\/users\/1"}],"replies":[{"embeddable":true,"href":"https:\/\/www.ekokmetija.eu\/index.php?rest_route=%2Fwp%2Fv2%2Fcomments&post=575"}],"version-history":[{"count":17,"href":"https:\/\/www.ekokmetija.eu\/index.php?rest_route=\/wp\/v2\/pages\/575\/revisions"}],"predecessor-version":[{"id":1359,"href":"https:\/\/www.ekokmetija.eu\/index.php?rest_route=\/wp\/v2\/pages\/575\/revisions\/1359"}],"wp:attachment":[{"href":"https:\/\/www.ekokmetija.eu\/index.php?rest_route=%2Fwp%2Fv2%2Fmedia&parent=575"}],"curies":[{"name":"wp","href":"https:\/\/api.w.org\/{rel}","templated":true}]}}