{"id":79,"date":"2012-09-02T20:22:36","date_gmt":"2012-09-02T18:22:36","guid":{"rendered":"http:\/\/www.h-it.si\/ekohabjan\/?page_id=79"},"modified":"2020-07-02T12:22:16","modified_gmt":"2020-07-02T10:22:16","slug":"strojne-usluge","status":"publish","type":"page","link":"https:\/\/www.ekokmetija.eu\/?page_id=79","title":{"rendered":"Strojne usluge"},"content":{"rendered":"<p>Opravljamo tudi vrsto strojnih uslug:<\/p>\n<p>Popolna usluga siliranja (ko\u0161nja, obra\u010danje, grabljenje, baliranje, transport bal).<\/p>\n<p>Ko\u0161nja (\u010delna in bo\u010dna kosilnica, 5.50m delovne \u0161irine)<\/p>\n<p>Transport razsutega tovora, bal, drv, sekancev,&#8230;<\/p>\n<p>Nega travnikov in njiv z inovativnim strojem lastne proizvodnje, priprava na setev travinj<\/p>\n<p>Nalaganje, pretovor&#8230;<\/p>\n<p>Mul\u010danje travnikov in pa\u0161nikov<\/p>\n<p>Oranje (2-brazdni ali 3-brazdni obra\u010dalni plug)<\/p>\n<p>Brananje (vrtavkasta brana)<\/p>\n<p>Izdelava gredic za zelenjavo&nbsp;<\/p>\n<p>Polaganje folije in zalivalnih kanalov za zelenjavo, jagode, jagodi\u010devje&#8230;<\/p>\n<p>&nbsp;<\/p>\n<p><a href=\"http:\/\/www.ekokmetija.eu\/?p=487\">Cenik storitev s kmetijsko mehanizacijo 2018<\/a><\/p>\n<p>&nbsp;<\/p>\nngg_shortcode_0_placeholder\n<p>Ve\u010d slik na na\u0161i <a title=\"EKOHABJAN\" href=\"http:\/\/www.facebook.com\/ekohabjan\" target=\"_blank\" rel=\"noopener\">facebook strani<\/a>!<\/p>\n","protected":false},"excerpt":{"rendered":"<p>Opravljamo tudi vrsto strojnih uslug: Popolna usluga siliranja (ko\u0161nja, obra\u010danje, grabljenje, baliranje, transport bal). Ko\u0161nja (\u010delna in bo\u010dna kosilnica, 5.50m delovne \u0161irine) Transport razsutega tovora, bal, drv, sekancev,&#8230; Nega travnikov in njiv z inovativnim strojem lastne proizvodnje, priprava na setev travinj Nalaganje, pretovor&#8230; Mul\u010danje travnikov in pa\u0161nikov Oranje (2-brazdni ali 3-brazdni obra\u010dalni plug) Brananje (vrtavkasta [&hellip;]<\/p>\n","protected":false},"author":1,"featured_media":0,"parent":0,"menu_order":6,"comment_status":"closed","ping_status":"closed","template":"","meta":{"ngg_post_thumbnail":0,"footnotes":""},"class_list":["post-79","page","type-page","status-publish","hentry"],"_links":{"self":[{"href":"https:\/\/www.ekokmetija.eu\/index.php?rest_route=\/wp\/v2\/pages\/79","targetHints":{"allow":["GET"]}}],"collection":[{"href":"https:\/\/www.ekokmetija.eu\/index.php?rest_route=\/wp\/v2\/pages"}],"about":[{"href":"https:\/\/www.ekokmetija.eu\/index.php?rest_route=\/wp\/v2\/types\/page"}],"author":[{"embeddable":true,"href":"https:\/\/www.ekokmetija.eu\/index.php?rest_route=\/wp\/v2\/users\/1"}],"replies":[{"embeddable":true,"href":"https:\/\/www.ekokmetija.eu\/index.php?rest_route=%2Fwp%2Fv2%2Fcomments&post=79"}],"version-history":[{"count":13,"href":"https:\/\/www.ekokmetija.eu\/index.php?rest_route=\/wp\/v2\/pages\/79\/revisions"}],"predecessor-version":[{"id":1035,"href":"https:\/\/www.ekokmetija.eu\/index.php?rest_route=\/wp\/v2\/pages\/79\/revisions\/1035"}],"wp:attachment":[{"href":"https:\/\/www.ekokmetija.eu\/index.php?rest_route=%2Fwp%2Fv2%2Fmedia&parent=79"}],"curies":[{"name":"wp","href":"https:\/\/api.w.org\/{rel}","templated":true}]}}